{"id":19,"date":"2022-11-29T23:20:04","date_gmt":"2022-11-29T23:20:04","guid":{"rendered":"https:\/\/littlespakles.com\/?page_id=19"},"modified":"2023-01-10T22:13:37","modified_gmt":"2023-01-10T22:13:37","slug":"commissions-2","status":"publish","type":"page","link":"https:\/\/littlespakles.com\/fr\/commissions-2\/","title":{"rendered":"Commissions"},"content":{"rendered":"<h2 class=\"has-text-align-center has-blue-color has-text-color has-large-font-size wp-block-heading\">Commissions<\/h2>\n\n\n\n<p class=\"has-text-align-center has-blue-color has-text-color has-background has-medium-font-size\" style=\"background-color:#eb529452;font-style:normal;font-weight:400\">Merci pour votre int\u00e9r\u00eat pour une commande personnalis\u00e9e de Little Spakles. Toute pi\u00e8ce est fabriqu\u00e9e avec soins avec le client en t\u00eate. Ici vous trouverez toutes les informations sur le processus \u00e0 suivre pour une commande personnalis\u00e9e. S.V.P vous r\u00e9f\u00e9rer au guide avant de faire votre commande. \u00c0 noter que seulement quelques commissions seront disponibles \u00e0 la fois afin d\u2019assurer un bon roulement. Une fois que toutes les commandes existantes seront r\u00e9alis\u00e9es, un nouveau nombre de commissions seront disponibles.<\/p>\n\n\n\n<div class=\"wp-block-group\"><div class=\"wp-block-group__inner-container is-layout-constrained wp-block-group-is-layout-constrained\">\n<div class=\"wp-block-group is-vertical is-layout-flex wp-container-core-group-is-layout-8cf370e7 wp-block-group-is-layout-flex\">\n<h2 class=\"has-blue-color has-text-color wp-block-heading\"><span style=\"text-decoration: underline;\">Guide <\/span><\/h2>\n\n\n\n<ol class=\"has-blue-color has-white-background-color has-text-color has-background wp-block-list\">\n<li><strong>R\u00e9f\u00e9rez-vous au menu gourmand pour estimer le co\u00fbt de votre achat.<\/strong>.<\/li>\n\n\n\n<li><strong>Acheter une commission (Ce montant est un d\u00e9p\u00f4t pour que le processus puisse d\u00e9buter)<\/strong><mark style=\"background-color:rgba(0, 0, 0, 0);color:#ea5294\" class=\"has-inline-color\"> <\/mark><a rel=\"noreferrer noopener\" href=\"https:\/\/littlespakles.com\/fr\/produit\/commissions\/\" data-type=\"URL\" data-id=\"https:\/\/littlespakles.com\/product\/commissions\/\" target=\"_blank\"><mark style=\"background-color:rgba(0, 0, 0, 0);color:#ea5294\" class=\"has-inline-color\">Appuyer ici afin d'acheter une commission<\/mark><\/a>.<\/li>\n\n\n\n<li><strong>Vous recevrez un courriel o\u00f9 vous entamerez une discussion avec l'artiste sur la grandeur et le style de votre pi\u00e8ce.<\/strong>.<\/li>\n\n\n\n<li><strong>Vous recevrez une soumission sur le prix final incluant la livraison pour votre achat. Le montant du d\u00e9p\u00f4t sera d\u00e9duit de ce montant.<\/strong><\/li>\n\n\n\n<li><strong>Vous devrez payer la balance du montant total incluant la livraison afin que votre pi\u00e8ce soit livr\u00e9e.<\/strong>.<\/li>\n\n\n\n<li><strong>6. Votre pi\u00e8ce vous sera livr\u00e9e. Note: il faudra alouer 4 \u00e0 5 semaines pour que la pi\u00e8ce soit fabriqu\u00e9e et ensuite livr\u00e9e.<\/strong><\/li>\n<\/ol>\n<\/div>\n<\/div><\/div>\n\n\n\n<h2 class=\"has-blue-color has-text-color wp-block-heading\"><span style=\"text-decoration: underline;\">Menu Gourmand<\/span><\/h2>\n\n\n\n<p class=\"has-blue-color has-text-color\"><strong>Taille: Le prix de votre abat-jour est largement d\u00e9termin\u00e9 par la taille. Il y a 3 grandeurs disponible: Petit, Medium et Grand. La taille doit r\u00e9pondre \u00e0 la fois aux exigences de diam\u00e8tre (point le plus grand de l'abat-jour) et de hauteur pour correspondre \u00e0 la cat\u00e9gorie de grandeur.<\/strong>. <\/p>\n\n\n\n<ul class=\"has-blue-color has-text-color wp-block-list\">\n<li><strong>Small<\/strong> : <mark style=\"background-color:rgba(0, 0, 0, 0);color:#ea5294\" class=\"has-inline-color\"><strong>(200$) <\/strong><\/mark><strong>Diam\u00e8tre: Moins de 10'' Hauteur: Moins de 10''<\/strong>&#8216; <\/li>\n\n\n\n<li><strong>Medium<\/strong> <strong><mark style=\"background-color:rgba(0, 0, 0, 0);color:#ea5294\" class=\"has-inline-color\">(300$) <\/mark>Diam\u00e8tre: entre 11'' et 14'' Hauteur: entre 11'' et 14''<\/strong><\/li>\n\n\n\n<li><strong>Grand<\/strong> <strong><mark style=\"background-color:rgba(0, 0, 0, 0);color:#ea5294\" class=\"has-inline-color\">(400$+) <\/mark>Diam\u00e8tre: Plus que 14'' Hauteur: Plus que 14''<\/strong><\/li>\n<\/ul>\n\n\n\n<p class=\"has-blue-color has-text-color\"><strong>Couleur: Il y a 7 couleurs disponibles: Rose, Bleu, Vert, Mauve, Blanc, Jaune et Arc-en-ciel. Vous pourrez choisir jusqu'\u00e0 3 couleurs pour votre commande, pour toutes autres couleurs en surplus, une charge additionnelle pourrait s'appliquer.<\/strong><\/p>\n\n\n\n<p class=\"has-blue-color has-text-color\"><strong>Styles: Referrez-vous \u00e0 la Galerie ci-dessous pour choisir un style pour votre abat-jour. Certains styles de gla\u00e7age peuvent \u00eatre plus dispendieux d\u00fb \u00e0 leurs complexit\u00e9s<\/strong>.<\/p>\n\n\n\n<p class=\"has-blue-color has-text-color\"><strong>Ajouts: Il y a 3 choix d'ajout: Perle, Marguerite, et Rose. Veuillez ajouter 0.25$ pour chaque perle et 1$ pour chaque fleur.<\/strong>.<\/p>\n\n\n\n<p class=\"has-text-color\" style=\"color:#ea5294\">\u00c0 noter: Une base pour votre abat-jour peut aussi \u00eatre cr\u00e9e. Veuillez-vous referrez a la galerie ci-dessous pour estimer votre prix.<\/p>\n\n\n\n<hr class=\"wp-block-separator has-alpha-channel-opacity\"\/>\n\n\n\n<p class=\"has-text-color\" style=\"color:#ea5294\"><strong>Veuillez noter: Ceci est un produit fabriqu\u00e9 \u00e0 la main \u00e0 partir d'un abat-jour revaloris\u00e9, il n'y en pas deux compl\u00e8tement identique et que certaines irr\u00e9gularit\u00e9es peuvent survenir.<\/strong><\/p>\n\n\n\n<h2 class=\"has-blue-color has-text-color wp-block-heading\"><span style=\"text-decoration: underline;\">Gallerie<\/span><\/h2>\n\n\n\n<figure class=\"wp-block-gallery has-nested-images columns-default is-cropped is-style-rectangular has-white-background-color has-background wp-block-gallery-1 is-layout-flex wp-block-gallery-is-layout-flex\">\n<figure class=\"wp-block-image size-large is-style-rounded\"><img loading=\"lazy\" decoding=\"async\" width=\"609\" height=\"1024\" data-id=\"597\" src=\"https:\/\/littlespakles.com\/wp-content\/uploads\/2022\/12\/DSC5323-4-609x1024.jpg\" alt=\"\" class=\"wp-image-597\" srcset=\"https:\/\/littlespakles.com\/wp-content\/uploads\/2022\/12\/DSC5323-4-609x1024.jpg 609w, https:\/\/littlespakles.com\/wp-content\/uploads\/2022\/12\/DSC5323-4-178x300.jpg 178w, https:\/\/littlespakles.com\/wp-content\/uploads\/2022\/12\/DSC5323-4-768x1292.jpg 768w, https:\/\/littlespakles.com\/wp-content\/uploads\/2022\/12\/DSC5323-4-913x1536.jpg 913w, https:\/\/littlespakles.com\/wp-content\/uploads\/2022\/12\/DSC5323-4-1217x2048.jpg 1217w, https:\/\/littlespakles.com\/wp-content\/uploads\/2022\/12\/DSC5323-4-14x24.jpg 14w, https:\/\/littlespakles.com\/wp-content\/uploads\/2022\/12\/DSC5323-4-21x36.jpg 21w, https:\/\/littlespakles.com\/wp-content\/uploads\/2022\/12\/DSC5323-4-29x48.jpg 29w, https:\/\/littlespakles.com\/wp-content\/uploads\/2022\/12\/DSC5323-4-300x505.jpg 300w, https:\/\/littlespakles.com\/wp-content\/uploads\/2022\/12\/DSC5323-4-624x1050.jpg 624w, https:\/\/littlespakles.com\/wp-content\/uploads\/2022\/12\/DSC5323-4.jpg 1421w\" sizes=\"auto, (max-width: 609px) 100vw, 609px\" \/><figcaption class=\"wp-element-caption\"><strong><mark style=\"background-color:rgba(0, 0, 0, 0);color:#33c1c7\" class=\"has-inline-color\">Le Marriage (Abat jour 500$ et base 1000$)<\/mark><\/strong><\/figcaption><\/figure>\n\n\n\n<figure class=\"wp-block-image size-large is-style-rounded\"><img loading=\"lazy\" decoding=\"async\" width=\"638\" height=\"1024\" data-id=\"599\" src=\"https:\/\/littlespakles.com\/wp-content\/uploads\/2022\/12\/DSC5369-crop-2-638x1024.jpg\" alt=\"\" class=\"wp-image-599\" srcset=\"https:\/\/littlespakles.com\/wp-content\/uploads\/2022\/12\/DSC5369-crop-2-638x1024.jpg 638w, https:\/\/littlespakles.com\/wp-content\/uploads\/2022\/12\/DSC5369-crop-2-187x300.jpg 187w, https:\/\/littlespakles.com\/wp-content\/uploads\/2022\/12\/DSC5369-crop-2-768x1232.jpg 768w, https:\/\/littlespakles.com\/wp-content\/uploads\/2022\/12\/DSC5369-crop-2-957x1536.jpg 957w, https:\/\/littlespakles.com\/wp-content\/uploads\/2022\/12\/DSC5369-crop-2-1276x2048.jpg 1276w, https:\/\/littlespakles.com\/wp-content\/uploads\/2022\/12\/DSC5369-crop-2-15x24.jpg 15w, https:\/\/littlespakles.com\/wp-content\/uploads\/2022\/12\/DSC5369-crop-2-22x36.jpg 22w, https:\/\/littlespakles.com\/wp-content\/uploads\/2022\/12\/DSC5369-crop-2-30x48.jpg 30w, https:\/\/littlespakles.com\/wp-content\/uploads\/2022\/12\/DSC5369-crop-2-300x481.jpg 300w, https:\/\/littlespakles.com\/wp-content\/uploads\/2022\/12\/DSC5369-crop-2-624x1001.jpg 624w, https:\/\/littlespakles.com\/wp-content\/uploads\/2022\/12\/DSC5369-crop-2-scaled.jpg 1596w\" sizes=\"auto, (max-width: 638px) 100vw, 638px\" \/><figcaption class=\"wp-element-caption\"><strong><mark style=\"background-color:rgba(0, 0, 0, 0);color:#33c1c7\" class=\"has-inline-color\">L'Arc-en-ciel (Abat-jour 410$)<\/mark><\/strong><\/figcaption><\/figure>\n\n\n\n<figure class=\"wp-block-image size-large is-style-rounded\"><img loading=\"lazy\" decoding=\"async\" width=\"741\" height=\"1024\" data-id=\"182\" src=\"https:\/\/littlespakles.com\/wp-content\/uploads\/2022\/11\/DSC5270-741x1024.jpg\" alt=\"\" class=\"wp-image-182\" srcset=\"https:\/\/littlespakles.com\/wp-content\/uploads\/2022\/11\/DSC5270-741x1024.jpg 741w, https:\/\/littlespakles.com\/wp-content\/uploads\/2022\/11\/DSC5270-scaled-300x415.jpg 300w, https:\/\/littlespakles.com\/wp-content\/uploads\/2022\/11\/DSC5270-scaled-624x863.jpg 624w, https:\/\/littlespakles.com\/wp-content\/uploads\/2022\/11\/DSC5270-217x300.jpg 217w, https:\/\/littlespakles.com\/wp-content\/uploads\/2022\/11\/DSC5270-768x1062.jpg 768w, https:\/\/littlespakles.com\/wp-content\/uploads\/2022\/11\/DSC5270-1111x1536.jpg 1111w, https:\/\/littlespakles.com\/wp-content\/uploads\/2022\/11\/DSC5270-1481x2048.jpg 1481w, https:\/\/littlespakles.com\/wp-content\/uploads\/2022\/11\/DSC5270-scaled.jpg 1852w\" sizes=\"auto, (max-width: 741px) 100vw, 741px\" \/><figcaption class=\"wp-element-caption\"><strong><mark style=\"background-color:#ffffff;color:#33c1c7\" class=\"has-inline-color\">Le Carousel (Abat-jour 450$ base 800$)<\/mark><\/strong><\/figcaption><\/figure>\n\n\n\n<figure class=\"wp-block-image size-large is-style-rounded\"><img loading=\"lazy\" decoding=\"async\" width=\"683\" height=\"1024\" data-id=\"596\" src=\"https:\/\/littlespakles.com\/wp-content\/uploads\/2022\/12\/DSC5236-2-683x1024.jpg\" alt=\"\" class=\"wp-image-596\" srcset=\"https:\/\/littlespakles.com\/wp-content\/uploads\/2022\/12\/DSC5236-2-683x1024.jpg 683w, https:\/\/littlespakles.com\/wp-content\/uploads\/2022\/12\/DSC5236-2-200x300.jpg 200w, https:\/\/littlespakles.com\/wp-content\/uploads\/2022\/12\/DSC5236-2-768x1152.jpg 768w, https:\/\/littlespakles.com\/wp-content\/uploads\/2022\/12\/DSC5236-2-1024x1536.jpg 1024w, https:\/\/littlespakles.com\/wp-content\/uploads\/2022\/12\/DSC5236-2-1365x2048.jpg 1365w, https:\/\/littlespakles.com\/wp-content\/uploads\/2022\/12\/DSC5236-2-16x24.jpg 16w, https:\/\/littlespakles.com\/wp-content\/uploads\/2022\/12\/DSC5236-2-24x36.jpg 24w, https:\/\/littlespakles.com\/wp-content\/uploads\/2022\/12\/DSC5236-2-32x48.jpg 32w, https:\/\/littlespakles.com\/wp-content\/uploads\/2022\/12\/DSC5236-2-300x450.jpg 300w, https:\/\/littlespakles.com\/wp-content\/uploads\/2022\/12\/DSC5236-2-624x936.jpg 624w, https:\/\/littlespakles.com\/wp-content\/uploads\/2022\/12\/DSC5236-2.jpg 1387w\" sizes=\"auto, (max-width: 683px) 100vw, 683px\" \/><figcaption class=\"wp-element-caption\"><strong><mark style=\"background-color:rgba(0, 0, 0, 0);color:#33c1c7\" class=\"has-inline-color\">La Marguerite (Abat-Jour 250$)<\/mark><\/strong><\/figcaption><\/figure>\n\n\n\n<figure class=\"wp-block-image size-large is-style-rounded\"><img loading=\"lazy\" decoding=\"async\" width=\"508\" height=\"1024\" data-id=\"598\" src=\"https:\/\/littlespakles.com\/wp-content\/uploads\/2022\/12\/DSC5431-2-508x1024.jpg\" alt=\"\" class=\"wp-image-598\" srcset=\"https:\/\/littlespakles.com\/wp-content\/uploads\/2022\/12\/DSC5431-2-508x1024.jpg 508w, https:\/\/littlespakles.com\/wp-content\/uploads\/2022\/12\/DSC5431-2-149x300.jpg 149w, https:\/\/littlespakles.com\/wp-content\/uploads\/2022\/12\/DSC5431-2-768x1549.jpg 768w, https:\/\/littlespakles.com\/wp-content\/uploads\/2022\/12\/DSC5431-2-762x1536.jpg 762w, https:\/\/littlespakles.com\/wp-content\/uploads\/2022\/12\/DSC5431-2-1016x2048.jpg 1016w, https:\/\/littlespakles.com\/wp-content\/uploads\/2022\/12\/DSC5431-2-12x24.jpg 12w, https:\/\/littlespakles.com\/wp-content\/uploads\/2022\/12\/DSC5431-2-18x36.jpg 18w, https:\/\/littlespakles.com\/wp-content\/uploads\/2022\/12\/DSC5431-2-24x48.jpg 24w, https:\/\/littlespakles.com\/wp-content\/uploads\/2022\/12\/DSC5431-2-300x605.jpg 300w, https:\/\/littlespakles.com\/wp-content\/uploads\/2022\/12\/DSC5431-2-624x1258.jpg 624w, https:\/\/littlespakles.com\/wp-content\/uploads\/2022\/12\/DSC5431-2.jpg 1146w\" sizes=\"auto, (max-width: 508px) 100vw, 508px\" \/><figcaption class=\"wp-element-caption\"><strong><mark style=\"background-color:rgba(0, 0, 0, 0);color:#33c1c7\" class=\"has-inline-color\">La Princesse (Abat-jour 310$)<\/mark><\/strong><\/figcaption><\/figure>\n\n\n\n<figure class=\"wp-block-image size-large is-style-rounded\"><img loading=\"lazy\" decoding=\"async\" width=\"734\" height=\"1024\" data-id=\"595\" src=\"https:\/\/littlespakles.com\/wp-content\/uploads\/2022\/12\/DSC5361-3-734x1024.jpg\" alt=\"\" class=\"wp-image-595\" srcset=\"https:\/\/littlespakles.com\/wp-content\/uploads\/2022\/12\/DSC5361-3-734x1024.jpg 734w, https:\/\/littlespakles.com\/wp-content\/uploads\/2022\/12\/DSC5361-3-215x300.jpg 215w, https:\/\/littlespakles.com\/wp-content\/uploads\/2022\/12\/DSC5361-3-768x1071.jpg 768w, https:\/\/littlespakles.com\/wp-content\/uploads\/2022\/12\/DSC5361-3-1102x1536.jpg 1102w, https:\/\/littlespakles.com\/wp-content\/uploads\/2022\/12\/DSC5361-3-17x24.jpg 17w, https:\/\/littlespakles.com\/wp-content\/uploads\/2022\/12\/DSC5361-3-26x36.jpg 26w, https:\/\/littlespakles.com\/wp-content\/uploads\/2022\/12\/DSC5361-3-34x48.jpg 34w, https:\/\/littlespakles.com\/wp-content\/uploads\/2022\/12\/DSC5361-3-300x418.jpg 300w, https:\/\/littlespakles.com\/wp-content\/uploads\/2022\/12\/DSC5361-3-624x870.jpg 624w, https:\/\/littlespakles.com\/wp-content\/uploads\/2022\/12\/DSC5361-3.jpg 1463w\" sizes=\"auto, (max-width: 734px) 100vw, 734px\" \/><figcaption class=\"wp-element-caption\"><strong><mark style=\"background-color:rgba(0, 0, 0, 0);color:#33c1c7\" class=\"has-inline-color\">Le Chapeau Brunch (Abat-jour 300$ Base: 800$)<\/mark><\/strong><\/figcaption><\/figure>\n<\/figure>\n\n\n\n<hr class=\"wp-block-separator has-alpha-channel-opacity\"\/>\n\n\n\n<p><\/p>\n\n\n<div data-block-name=\"woocommerce\/featured-product\" data-dim-ratio=\"30\" data-edit-mode=\"false\" data-focal-point=\"{&quot;x&quot;:0.48,&quot;y&quot;:0.19}\" data-image-fit=\"cover\" data-product-id=\"515\" data-show-desc=\"false\" class=\"wc-block-featured-product alignnone has-background-dim has-background-dim-30 wp-block-woocommerce-featured-product\" style=\"min-height:500px;\"><div class=\"wc-block-featured-product__wrapper\"><div class=\"background-dim__overlay\" style=\"background-color: #000000\"><\/div><img decoding=\"async\" alt=\"Commission\" class=\"wc-block-featured-product__background-image\" src=\"https:\/\/littlespakles.com\/wp-content\/uploads\/2022\/12\/DSC5323-4-609x1024.jpg\" style=\"object-fit: cover;object-position: 48% 19%;\" \/><h2 class=\"wc-block-featured-product__title\">Commission<\/h2><div class=\"wc-block-featured-product__price\"><span class=\"woocommerce-Price-amount amount\"><span class=\"woocommerce-Price-currencySymbol\">&#036;<\/span>150.00<\/span><\/div><div class=\"wc-block-featured-product__link\">\n\n<div class=\"wp-block-buttons is-content-justification-center is-layout-flex wp-container-core-buttons-is-layout-16018d1d wp-block-buttons-is-layout-flex\">\n<div class=\"wp-block-button is-style-fill\"><a class=\"wp-block-button__link has-blue-background-color has-background wp-element-button\" href=\"https:\/\/littlespakles.com\/fr\/produit\/commissions\/\">Voir Produit<\/a><\/div>\n<\/div>\n\n<\/div><\/div><\/div>\n\n\n<hr class=\"wp-block-separator has-alpha-channel-opacity\"\/>\n\n\n\n<div class=\"wp-block-buttons is-layout-flex wp-block-buttons-is-layout-flex\">\n<div class=\"wp-block-button has-custom-width wp-block-button__width-100\"><a class=\"wp-block-button__link has-blue-background-color has-background wp-element-button\" href=\"http:\/\/littlespakles.com\/fr\/shop\/\">pour voir la boutique<\/a><\/div>\n<\/div>","protected":false},"excerpt":{"rendered":"<p>Commissions Thank you for your interest in purchasing a custom order from Little Spakles! Every piece is made with care with the customer in mind. Here you will find all the information on the process used for custom orders. Please refer to the guide before purchasing a commission slot. Please note that there are only&hellip; <a href=\"https:\/\/littlespakles.com\/fr\/commissions-2\/\" class=\"more-link\">Continue reading <span class=\"screen-reader-text\">Commissions<\/span><\/a><\/p>","protected":false},"author":1,"featured_media":0,"parent":0,"menu_order":0,"comment_status":"closed","ping_status":"closed","template":"","meta":{"footnotes":""},"tags":[],"class_list":["post-19","page","type-page","status-publish","hentry","without-featured-image"],"yoast_head":"<!-- This site is optimized with the Yoast SEO plugin v21.8 - https:\/\/yoast.com\/wordpress\/plugins\/seo\/ -->\n<title>Commissions - Little Spakles<\/title>\n<meta name=\"robots\" content=\"index, follow, max-snippet:-1, max-image-preview:large, max-video-preview:-1\" \/>\n<link rel=\"canonical\" href=\"https:\/\/littlespakles.com\/fr\/commissions-2\/\" \/>\n<meta property=\"og:locale\" content=\"fr_CA\" \/>\n<meta property=\"og:type\" content=\"article\" \/>\n<meta property=\"og:title\" content=\"Commissions - Little Spakles\" \/>\n<meta property=\"og:description\" content=\"Commissions Thank you for your interest in purchasing a custom order from Little Spakles! Every piece is made with care with the customer in mind. Here you will find all the information on the process used for custom orders. Please refer to the guide before purchasing a commission slot. Please note that there are only&hellip; Continue reading Commissions\" \/>\n<meta property=\"og:url\" content=\"https:\/\/littlespakles.com\/fr\/commissions-2\/\" \/>\n<meta property=\"og:site_name\" content=\"Little Spakles\" \/>\n<meta property=\"article:modified_time\" content=\"2023-01-10T22:13:37+00:00\" \/>\n<meta property=\"og:image\" content=\"https:\/\/littlespakles.com\/wp-content\/uploads\/2022\/12\/DSC5323-4-609x1024.jpg\" \/>\n<meta name=\"twitter:card\" content=\"summary_large_image\" \/>\n<meta name=\"twitter:label1\" content=\"Estimation du temps de lecture\" \/>\n\t<meta name=\"twitter:data1\" content=\"2 minutes\" \/>\n<script type=\"application\/ld+json\" class=\"yoast-schema-graph\">{\"@context\":\"https:\/\/schema.org\",\"@graph\":[{\"@type\":\"WebPage\",\"@id\":\"https:\/\/littlespakles.com\/commissions-2\/\",\"url\":\"https:\/\/littlespakles.com\/commissions-2\/\",\"name\":\"Commissions - Little Spakles\",\"isPartOf\":{\"@id\":\"https:\/\/littlespakles.com\/#website\"},\"datePublished\":\"2022-11-29T23:20:04+00:00\",\"dateModified\":\"2023-01-10T22:13:37+00:00\",\"breadcrumb\":{\"@id\":\"https:\/\/littlespakles.com\/commissions-2\/#breadcrumb\"},\"inLanguage\":\"fr-CA\",\"potentialAction\":[{\"@type\":\"ReadAction\",\"target\":[\"https:\/\/littlespakles.com\/commissions-2\/\"]}]},{\"@type\":\"BreadcrumbList\",\"@id\":\"https:\/\/littlespakles.com\/commissions-2\/#breadcrumb\",\"itemListElement\":[{\"@type\":\"ListItem\",\"position\":1,\"name\":\"Home\",\"item\":\"https:\/\/littlespakles.com\/\"},{\"@type\":\"ListItem\",\"position\":2,\"name\":\"Commissions\"}]},{\"@type\":\"WebSite\",\"@id\":\"https:\/\/littlespakles.com\/#website\",\"url\":\"https:\/\/littlespakles.com\/\",\"name\":\"Little Spakles\",\"description\":\"The fake cake baker\",\"publisher\":{\"@id\":\"https:\/\/littlespakles.com\/#organization\"},\"potentialAction\":[{\"@type\":\"SearchAction\",\"target\":{\"@type\":\"EntryPoint\",\"urlTemplate\":\"https:\/\/littlespakles.com\/?s={search_term_string}\"},\"query-input\":\"required name=search_term_string\"}],\"inLanguage\":\"fr-CA\"},{\"@type\":\"Organization\",\"@id\":\"https:\/\/littlespakles.com\/#organization\",\"name\":\"Little Spakles\",\"url\":\"https:\/\/littlespakles.com\/\",\"logo\":{\"@type\":\"ImageObject\",\"inLanguage\":\"fr-CA\",\"@id\":\"https:\/\/littlespakles.com\/#\/schema\/logo\/image\/\",\"url\":\"https:\/\/littlespakles.com\/wp-content\/uploads\/2022\/11\/little-spakles-white.png\",\"contentUrl\":\"https:\/\/littlespakles.com\/wp-content\/uploads\/2022\/11\/little-spakles-white.png\",\"width\":302,\"height\":302,\"caption\":\"Little Spakles\"},\"image\":{\"@id\":\"https:\/\/littlespakles.com\/#\/schema\/logo\/image\/\"}}]}<\/script>\n<!-- \/ Yoast SEO plugin. -->","yoast_head_json":{"title":"Commissions - Little Spakles","robots":{"index":"index","follow":"follow","max-snippet":"max-snippet:-1","max-image-preview":"max-image-preview:large","max-video-preview":"max-video-preview:-1"},"canonical":"https:\/\/littlespakles.com\/fr\/commissions-2\/","og_locale":"fr_CA","og_type":"article","og_title":"Commissions - Little Spakles","og_description":"Commissions Thank you for your interest in purchasing a custom order from Little Spakles! Every piece is made with care with the customer in mind. Here you will find all the information on the process used for custom orders. Please refer to the guide before purchasing a commission slot. Please note that there are only&hellip; Continue reading Commissions","og_url":"https:\/\/littlespakles.com\/fr\/commissions-2\/","og_site_name":"Little Spakles","article_modified_time":"2023-01-10T22:13:37+00:00","og_image":[{"url":"https:\/\/littlespakles.com\/wp-content\/uploads\/2022\/12\/DSC5323-4-609x1024.jpg"}],"twitter_card":"summary_large_image","twitter_misc":{"Estimation du temps de lecture":"2 minutes"},"schema":{"@context":"https:\/\/schema.org","@graph":[{"@type":"WebPage","@id":"https:\/\/littlespakles.com\/commissions-2\/","url":"https:\/\/littlespakles.com\/commissions-2\/","name":"Commissions - Little Spakles","isPartOf":{"@id":"https:\/\/littlespakles.com\/#website"},"datePublished":"2022-11-29T23:20:04+00:00","dateModified":"2023-01-10T22:13:37+00:00","breadcrumb":{"@id":"https:\/\/littlespakles.com\/commissions-2\/#breadcrumb"},"inLanguage":"fr-CA","potentialAction":[{"@type":"ReadAction","target":["https:\/\/littlespakles.com\/commissions-2\/"]}]},{"@type":"BreadcrumbList","@id":"https:\/\/littlespakles.com\/commissions-2\/#breadcrumb","itemListElement":[{"@type":"ListItem","position":1,"name":"Home","item":"https:\/\/littlespakles.com\/"},{"@type":"ListItem","position":2,"name":"Commissions"}]},{"@type":"WebSite","@id":"https:\/\/littlespakles.com\/#website","url":"https:\/\/littlespakles.com\/","name":"Little Spakles","description":"The fake cake baker","publisher":{"@id":"https:\/\/littlespakles.com\/#organization"},"potentialAction":[{"@type":"SearchAction","target":{"@type":"EntryPoint","urlTemplate":"https:\/\/littlespakles.com\/?s={search_term_string}"},"query-input":"required name=search_term_string"}],"inLanguage":"fr-CA"},{"@type":"Organization","@id":"https:\/\/littlespakles.com\/#organization","name":"Little Spakles","url":"https:\/\/littlespakles.com\/","logo":{"@type":"ImageObject","inLanguage":"fr-CA","@id":"https:\/\/littlespakles.com\/#\/schema\/logo\/image\/","url":"https:\/\/littlespakles.com\/wp-content\/uploads\/2022\/11\/little-spakles-white.png","contentUrl":"https:\/\/littlespakles.com\/wp-content\/uploads\/2022\/11\/little-spakles-white.png","width":302,"height":302,"caption":"Little Spakles"},"image":{"@id":"https:\/\/littlespakles.com\/#\/schema\/logo\/image\/"}}]}},"jetpack_sharing_enabled":true,"_links":{"self":[{"href":"https:\/\/littlespakles.com\/fr\/wp-json\/wp\/v2\/pages\/19","targetHints":{"allow":["GET"]}}],"collection":[{"href":"https:\/\/littlespakles.com\/fr\/wp-json\/wp\/v2\/pages"}],"about":[{"href":"https:\/\/littlespakles.com\/fr\/wp-json\/wp\/v2\/types\/page"}],"author":[{"embeddable":true,"href":"https:\/\/littlespakles.com\/fr\/wp-json\/wp\/v2\/users\/1"}],"replies":[{"embeddable":true,"href":"https:\/\/littlespakles.com\/fr\/wp-json\/wp\/v2\/comments?post=19"}],"version-history":[{"count":36,"href":"https:\/\/littlespakles.com\/fr\/wp-json\/wp\/v2\/pages\/19\/revisions"}],"predecessor-version":[{"id":788,"href":"https:\/\/littlespakles.com\/fr\/wp-json\/wp\/v2\/pages\/19\/revisions\/788"}],"wp:attachment":[{"href":"https:\/\/littlespakles.com\/fr\/wp-json\/wp\/v2\/media?parent=19"}],"wp:term":[{"taxonomy":"post_tag","embeddable":true,"href":"https:\/\/littlespakles.com\/fr\/wp-json\/wp\/v2\/tags?post=19"}],"curies":[{"name":"wp","href":"https:\/\/api.w.org\/{rel}","templated":true}]}}