{"id":31,"date":"2022-11-29T23:26:49","date_gmt":"2022-11-29T23:26:49","guid":{"rendered":"https:\/\/littlespakles.com\/?page_id=31"},"modified":"2023-05-09T22:55:31","modified_gmt":"2023-05-09T22:55:31","slug":"little-spakles","status":"publish","type":"page","link":"https:\/\/littlespakles.com\/fr\/","title":{"rendered":"Little spakles"},"content":{"rendered":"<h2 class=\"wp-block-heading alignwide has-text-align-center has-text-color has-background\" style=\"color:#1ba6a8;background-color:#eb529466;font-size:15px;font-style:normal;font-weight:300;line-height:1.1;text-transform:none\">Bienvenue chez Little Spakles, l\u00e0 o\u00f9 la d\u00e9co maison et les faux gateaux se rencontrent. Tout les produits sont fabriqu\u00e9s \u00e0 la main avec soins.<\/h2>\n\n\n\n<hr class=\"wp-block-separator has-alpha-channel-opacity\"\/>\n\n\n\n<div class=\"wp-block-cover alignfull is-light\"><span aria-hidden=\"true\" class=\"wp-block-cover__background has-background-dim-0 has-background-dim\"><\/span><img loading=\"lazy\" decoding=\"async\" width=\"2560\" height=\"2092\" class=\"wp-block-cover__image-background wp-image-106\" alt=\"\" src=\"https:\/\/littlespakles.com\/wp-content\/uploads\/2022\/11\/DSC5208-scaled.jpg\" data-object-fit=\"cover\" srcset=\"https:\/\/littlespakles.com\/wp-content\/uploads\/2022\/11\/DSC5208-scaled.jpg 2560w, https:\/\/littlespakles.com\/wp-content\/uploads\/2022\/11\/DSC5208-300x245.jpg 300w, https:\/\/littlespakles.com\/wp-content\/uploads\/2022\/11\/DSC5208-scaled-624x510.jpg 624w, https:\/\/littlespakles.com\/wp-content\/uploads\/2022\/11\/DSC5208-1024x837.jpg 1024w, https:\/\/littlespakles.com\/wp-content\/uploads\/2022\/11\/DSC5208-768x628.jpg 768w, https:\/\/littlespakles.com\/wp-content\/uploads\/2022\/11\/DSC5208-1536x1255.jpg 1536w, https:\/\/littlespakles.com\/wp-content\/uploads\/2022\/11\/DSC5208-2048x1674.jpg 2048w\" sizes=\"auto, (max-width: 2560px) 100vw, 2560px\" \/><div class=\"wp-block-cover__inner-container is-layout-flow wp-block-cover-is-layout-flow\">\n<div class=\"wp-block-buttons is-layout-flex wp-block-buttons-is-layout-flex\">\n<div class=\"wp-block-button is-style-fill\"><a class=\"wp-block-button__link has-blue-background-color has-background wp-element-button\" href=\"https:\/\/littlespakles.com\/fr\/lampshades\/\" style=\"border-radius:49px\">Abats Jour<\/a><\/div>\n<\/div>\n<\/div><\/div>\n\n\n\n<hr class=\"wp-block-separator has-alpha-channel-opacity\"\/>\n\n\n\n<div class=\"wp-block-cover alignfull is-light\"><span aria-hidden=\"true\" class=\"wp-block-cover__background has-background-dim-0 has-background-dim\"><\/span><img loading=\"lazy\" decoding=\"async\" width=\"1024\" height=\"727\" class=\"wp-block-cover__image-background wp-image-144\" alt=\"\" src=\"https:\/\/littlespakles.com\/wp-content\/uploads\/2022\/11\/DSC5286-1024x727.jpg\" data-object-fit=\"cover\" srcset=\"https:\/\/littlespakles.com\/wp-content\/uploads\/2022\/11\/DSC5286-1024x727.jpg 1024w, https:\/\/littlespakles.com\/wp-content\/uploads\/2022\/11\/DSC5286-300x213.jpg 300w, https:\/\/littlespakles.com\/wp-content\/uploads\/2022\/11\/DSC5286-scaled-624x443.jpg 624w, https:\/\/littlespakles.com\/wp-content\/uploads\/2022\/11\/DSC5286-768x545.jpg 768w, https:\/\/littlespakles.com\/wp-content\/uploads\/2022\/11\/DSC5286-1536x1091.jpg 1536w, https:\/\/littlespakles.com\/wp-content\/uploads\/2022\/11\/DSC5286-2048x1454.jpg 2048w\" sizes=\"auto, (max-width: 1024px) 100vw, 1024px\" \/><div class=\"wp-block-cover__inner-container is-layout-flow wp-block-cover-is-layout-flow\">\n<div class=\"wp-block-buttons is-layout-flex wp-block-buttons-is-layout-flex\">\n<div class=\"wp-block-button\"><a class=\"wp-block-button__link has-blue-background-color has-background wp-element-button\" href=\"https:\/\/littlespakles.com\/fr\/coasters\/\">Sous Verres<\/a><\/div>\n<\/div>\n<\/div><\/div>\n\n\n\n<hr class=\"wp-block-separator has-alpha-channel-opacity\"\/>\n\n\n\n<div class=\"wp-block-cover alignfull is-light\"><span aria-hidden=\"true\" class=\"wp-block-cover__background has-background-dim-0 has-background-dim\"><\/span><img loading=\"lazy\" decoding=\"async\" width=\"1024\" height=\"705\" class=\"wp-block-cover__image-background wp-image-147\" alt=\"\" src=\"https:\/\/littlespakles.com\/wp-content\/uploads\/2022\/11\/DSC5345-1024x705.jpg\" data-object-fit=\"cover\" srcset=\"https:\/\/littlespakles.com\/wp-content\/uploads\/2022\/11\/DSC5345-1024x705.jpg 1024w, https:\/\/littlespakles.com\/wp-content\/uploads\/2022\/11\/DSC5345-300x206.jpg 300w, https:\/\/littlespakles.com\/wp-content\/uploads\/2022\/11\/DSC5345-scaled-624x429.jpg 624w, https:\/\/littlespakles.com\/wp-content\/uploads\/2022\/11\/DSC5345-768x528.jpg 768w, https:\/\/littlespakles.com\/wp-content\/uploads\/2022\/11\/DSC5345-1536x1057.jpg 1536w, https:\/\/littlespakles.com\/wp-content\/uploads\/2022\/11\/DSC5345-2048x1409.jpg 2048w\" sizes=\"auto, (max-width: 1024px) 100vw, 1024px\" \/><div class=\"wp-block-cover__inner-container is-layout-flow wp-block-cover-is-layout-flow\">\n<div class=\"wp-block-buttons is-layout-flex wp-block-buttons-is-layout-flex\">\n<div class=\"wp-block-button is-style-fill\"><a class=\"wp-block-button__link has-blue-background-color has-background wp-element-button\" href=\"https:\/\/littlespakles.com\/fr\/jewelry-boxes\/\">Bo\u00eetes \u00e0 bijoux<\/a><\/div>\n<\/div>\n<\/div><\/div>\n\n\n\n<hr class=\"wp-block-separator has-alpha-channel-opacity\"\/>\n\n\n\n<div class=\"wp-block-cover alignfull is-light\"><span aria-hidden=\"true\" class=\"wp-block-cover__background has-background-dim-0 has-background-dim\"><\/span><img loading=\"lazy\" decoding=\"async\" width=\"1707\" height=\"2560\" class=\"wp-block-cover__image-background wp-image-163\" alt=\"\" src=\"https:\/\/littlespakles.com\/wp-content\/uploads\/2022\/11\/DSC5331-1-scaled.jpg\" data-object-fit=\"cover\" srcset=\"https:\/\/littlespakles.com\/wp-content\/uploads\/2022\/11\/DSC5331-1-scaled.jpg 1707w, https:\/\/littlespakles.com\/wp-content\/uploads\/2022\/11\/DSC5331-1-scaled-300x450.jpg 300w, https:\/\/littlespakles.com\/wp-content\/uploads\/2022\/11\/DSC5331-1-scaled-624x936.jpg 624w, https:\/\/littlespakles.com\/wp-content\/uploads\/2022\/11\/DSC5331-1-200x300.jpg 200w, https:\/\/littlespakles.com\/wp-content\/uploads\/2022\/11\/DSC5331-1-683x1024.jpg 683w, https:\/\/littlespakles.com\/wp-content\/uploads\/2022\/11\/DSC5331-1-768x1152.jpg 768w, https:\/\/littlespakles.com\/wp-content\/uploads\/2022\/11\/DSC5331-1-1024x1536.jpg 1024w, https:\/\/littlespakles.com\/wp-content\/uploads\/2022\/11\/DSC5331-1-1365x2048.jpg 1365w\" sizes=\"auto, (max-width: 1707px) 100vw, 1707px\" \/><div class=\"wp-block-cover__inner-container is-layout-flow wp-block-cover-is-layout-flow\">\n<div class=\"wp-block-buttons is-layout-flex wp-block-buttons-is-layout-flex\">\n<div class=\"wp-block-button\"><a class=\"wp-block-button__link has-blue-background-color has-background wp-element-button\" href=\"https:\/\/littlespakles.com\/fr\/candle-holders\/\">Chandelier<\/a><\/div>\n<\/div>\n<\/div><\/div>\n\n\n\n<hr class=\"wp-block-separator has-alpha-channel-opacity\"\/>\n\n\n\n<div class=\"wp-block-cover alignfull is-light\"><span aria-hidden=\"true\" class=\"wp-block-cover__background has-background-dim-0 has-background-dim\"><\/span><img loading=\"lazy\" decoding=\"async\" width=\"2560\" height=\"2089\" class=\"wp-block-cover__image-background wp-image-452\" alt=\"\" src=\"https:\/\/littlespakles.com\/wp-content\/uploads\/2022\/12\/DSC54612-scaled.jpg\" data-object-fit=\"cover\" srcset=\"https:\/\/littlespakles.com\/wp-content\/uploads\/2022\/12\/DSC54612-scaled.jpg 2560w, https:\/\/littlespakles.com\/wp-content\/uploads\/2022\/12\/DSC54612-300x245.jpg 300w, https:\/\/littlespakles.com\/wp-content\/uploads\/2022\/12\/DSC54612-scaled-624x509.jpg 624w, https:\/\/littlespakles.com\/wp-content\/uploads\/2022\/12\/DSC54612-1024x835.jpg 1024w, https:\/\/littlespakles.com\/wp-content\/uploads\/2022\/12\/DSC54612-768x627.jpg 768w, https:\/\/littlespakles.com\/wp-content\/uploads\/2022\/12\/DSC54612-1536x1253.jpg 1536w, https:\/\/littlespakles.com\/wp-content\/uploads\/2022\/12\/DSC54612-2048x1671.jpg 2048w, https:\/\/littlespakles.com\/wp-content\/uploads\/2022\/12\/DSC54612-24x20.jpg 24w, https:\/\/littlespakles.com\/wp-content\/uploads\/2022\/12\/DSC54612-36x29.jpg 36w, https:\/\/littlespakles.com\/wp-content\/uploads\/2022\/12\/DSC54612-48x39.jpg 48w\" sizes=\"auto, (max-width: 2560px) 100vw, 2560px\" \/><div class=\"wp-block-cover__inner-container is-layout-flow wp-block-cover-is-layout-flow\">\n<div class=\"wp-block-buttons is-layout-flex wp-block-buttons-is-layout-flex\">\n<div class=\"wp-block-button\"><a class=\"wp-block-button__link has-blue-background-color has-background wp-element-button\" href=\"https:\/\/littlespakles.com\/fr\/switch-plates-and-plug-plates\/\">Plaques Murale<\/a><\/div>\n<\/div>\n<\/div><\/div>\n\n\n\n<hr class=\"wp-block-separator has-alpha-channel-opacity\"\/>\n\n\n\n<div class=\"wp-block-cover alignfull is-light\"><span aria-hidden=\"true\" class=\"wp-block-cover__background has-background-dim-0 has-background-dim\"><\/span><img loading=\"lazy\" decoding=\"async\" width=\"2560\" height=\"1707\" class=\"wp-block-cover__image-background wp-image-198\" alt=\"\" src=\"https:\/\/littlespakles.com\/wp-content\/uploads\/2022\/11\/DSC5455-scaled.jpg\" data-object-fit=\"cover\" srcset=\"https:\/\/littlespakles.com\/wp-content\/uploads\/2022\/11\/DSC5455-scaled.jpg 2560w, https:\/\/littlespakles.com\/wp-content\/uploads\/2022\/11\/DSC5455-300x200.jpg 300w, https:\/\/littlespakles.com\/wp-content\/uploads\/2022\/11\/DSC5455-scaled-624x416.jpg 624w, https:\/\/littlespakles.com\/wp-content\/uploads\/2022\/11\/DSC5455-1024x683.jpg 1024w, https:\/\/littlespakles.com\/wp-content\/uploads\/2022\/11\/DSC5455-768x512.jpg 768w, https:\/\/littlespakles.com\/wp-content\/uploads\/2022\/11\/DSC5455-1536x1024.jpg 1536w, https:\/\/littlespakles.com\/wp-content\/uploads\/2022\/11\/DSC5455-2048x1365.jpg 2048w\" sizes=\"auto, (max-width: 2560px) 100vw, 2560px\" \/><div class=\"wp-block-cover__inner-container is-layout-flow wp-block-cover-is-layout-flow\">\n<div class=\"wp-block-buttons is-layout-flex wp-block-buttons-is-layout-flex\">\n<div class=\"wp-block-button\"><a class=\"wp-block-button__link has-blue-background-color has-background wp-element-button\" href=\"https:\/\/littlespakles.com\/fr\/shower-curtain-hooks\/\">Crochets pour rideau de douche<\/a><\/div>\n<\/div>\n<\/div><\/div>\n\n\n\n<h2 class=\"wp-block-heading\"><\/h2>","protected":false},"excerpt":{"rendered":"<p>Bienvenue chez Little Spakles, l\u00e0 o\u00f9 la d\u00e9co maison et les faux gateaux se rencontrent. Tout les produits sont fabriqu\u00e9s \u00e0 la main avec soins.<\/p>","protected":false},"author":1,"featured_media":0,"parent":27,"menu_order":0,"comment_status":"closed","ping_status":"closed","template":"page-templates\/menu-page.php","meta":{"footnotes":""},"tags":[],"class_list":["post-31","page","type-page","status-publish","hentry","without-featured-image"],"yoast_head":"<!-- This site is optimized with the Yoast SEO plugin v21.8 - https:\/\/yoast.com\/wordpress\/plugins\/seo\/ -->\n<title>Little spakles - Little Spakles<\/title>\n<meta name=\"robots\" content=\"index, follow, max-snippet:-1, max-image-preview:large, max-video-preview:-1\" \/>\n<link rel=\"canonical\" href=\"https:\/\/littlespakles.com\/fr\/\" \/>\n<meta property=\"og:locale\" content=\"fr_CA\" \/>\n<meta property=\"og:type\" content=\"article\" \/>\n<meta property=\"og:title\" content=\"Little spakles - Little Spakles\" \/>\n<meta property=\"og:description\" content=\"Welcome to Little Spakles, where home decor meets cake fakery. All products are entirely handmade with care.\" \/>\n<meta property=\"og:url\" content=\"https:\/\/littlespakles.com\/fr\/\" \/>\n<meta property=\"og:site_name\" content=\"Little Spakles\" \/>\n<meta property=\"article:modified_time\" content=\"2023-05-09T22:55:31+00:00\" \/>\n<meta property=\"og:image\" content=\"https:\/\/littlespakles.com\/wp-content\/uploads\/2022\/11\/DSC5208-scaled.jpg\" \/>\n<meta name=\"twitter:card\" content=\"summary_large_image\" \/>\n<script type=\"application\/ld+json\" class=\"yoast-schema-graph\">{\"@context\":\"https:\/\/schema.org\",\"@graph\":[{\"@type\":\"WebPage\",\"@id\":\"https:\/\/littlespakles.com\/\",\"url\":\"https:\/\/littlespakles.com\/\",\"name\":\"Little spakles - Little Spakles\",\"isPartOf\":{\"@id\":\"https:\/\/littlespakles.com\/#website\"},\"datePublished\":\"2022-11-29T23:26:49+00:00\",\"dateModified\":\"2023-05-09T22:55:31+00:00\",\"breadcrumb\":{\"@id\":\"https:\/\/littlespakles.com\/#breadcrumb\"},\"inLanguage\":\"fr-CA\",\"potentialAction\":[{\"@type\":\"ReadAction\",\"target\":[\"https:\/\/littlespakles.com\/\"]}]},{\"@type\":\"BreadcrumbList\",\"@id\":\"https:\/\/littlespakles.com\/#breadcrumb\",\"itemListElement\":[{\"@type\":\"ListItem\",\"position\":1,\"name\":\"Home\",\"item\":\"https:\/\/littlespakles.com\/\"},{\"@type\":\"ListItem\",\"position\":2,\"name\":\"Baker&#8217;s Choice\",\"item\":\"https:\/\/littlespakles.com\/bakers-choice\/\"},{\"@type\":\"ListItem\",\"position\":3,\"name\":\"Little spakles\"}]},{\"@type\":\"WebSite\",\"@id\":\"https:\/\/littlespakles.com\/#website\",\"url\":\"https:\/\/littlespakles.com\/\",\"name\":\"Little Spakles\",\"description\":\"The fake cake baker\",\"publisher\":{\"@id\":\"https:\/\/littlespakles.com\/#organization\"},\"potentialAction\":[{\"@type\":\"SearchAction\",\"target\":{\"@type\":\"EntryPoint\",\"urlTemplate\":\"https:\/\/littlespakles.com\/?s={search_term_string}\"},\"query-input\":\"required name=search_term_string\"}],\"inLanguage\":\"fr-CA\"},{\"@type\":\"Organization\",\"@id\":\"https:\/\/littlespakles.com\/#organization\",\"name\":\"Little Spakles\",\"url\":\"https:\/\/littlespakles.com\/\",\"logo\":{\"@type\":\"ImageObject\",\"inLanguage\":\"fr-CA\",\"@id\":\"https:\/\/littlespakles.com\/#\/schema\/logo\/image\/\",\"url\":\"https:\/\/littlespakles.com\/wp-content\/uploads\/2022\/11\/little-spakles-white.png\",\"contentUrl\":\"https:\/\/littlespakles.com\/wp-content\/uploads\/2022\/11\/little-spakles-white.png\",\"width\":302,\"height\":302,\"caption\":\"Little Spakles\"},\"image\":{\"@id\":\"https:\/\/littlespakles.com\/#\/schema\/logo\/image\/\"}}]}<\/script>\n<!-- \/ Yoast SEO plugin. -->","yoast_head_json":{"title":"Little spakles - Little Spakles","robots":{"index":"index","follow":"follow","max-snippet":"max-snippet:-1","max-image-preview":"max-image-preview:large","max-video-preview":"max-video-preview:-1"},"canonical":"https:\/\/littlespakles.com\/fr\/","og_locale":"fr_CA","og_type":"article","og_title":"Little spakles - Little Spakles","og_description":"Welcome to Little Spakles, where home decor meets cake fakery. All products are entirely handmade with care.","og_url":"https:\/\/littlespakles.com\/fr\/","og_site_name":"Little Spakles","article_modified_time":"2023-05-09T22:55:31+00:00","og_image":[{"url":"https:\/\/littlespakles.com\/wp-content\/uploads\/2022\/11\/DSC5208-scaled.jpg"}],"twitter_card":"summary_large_image","schema":{"@context":"https:\/\/schema.org","@graph":[{"@type":"WebPage","@id":"https:\/\/littlespakles.com\/","url":"https:\/\/littlespakles.com\/","name":"Little spakles - Little Spakles","isPartOf":{"@id":"https:\/\/littlespakles.com\/#website"},"datePublished":"2022-11-29T23:26:49+00:00","dateModified":"2023-05-09T22:55:31+00:00","breadcrumb":{"@id":"https:\/\/littlespakles.com\/#breadcrumb"},"inLanguage":"fr-CA","potentialAction":[{"@type":"ReadAction","target":["https:\/\/littlespakles.com\/"]}]},{"@type":"BreadcrumbList","@id":"https:\/\/littlespakles.com\/#breadcrumb","itemListElement":[{"@type":"ListItem","position":1,"name":"Home","item":"https:\/\/littlespakles.com\/"},{"@type":"ListItem","position":2,"name":"Baker&#8217;s Choice","item":"https:\/\/littlespakles.com\/bakers-choice\/"},{"@type":"ListItem","position":3,"name":"Little spakles"}]},{"@type":"WebSite","@id":"https:\/\/littlespakles.com\/#website","url":"https:\/\/littlespakles.com\/","name":"Little Spakles","description":"The fake cake baker","publisher":{"@id":"https:\/\/littlespakles.com\/#organization"},"potentialAction":[{"@type":"SearchAction","target":{"@type":"EntryPoint","urlTemplate":"https:\/\/littlespakles.com\/?s={search_term_string}"},"query-input":"required name=search_term_string"}],"inLanguage":"fr-CA"},{"@type":"Organization","@id":"https:\/\/littlespakles.com\/#organization","name":"Little Spakles","url":"https:\/\/littlespakles.com\/","logo":{"@type":"ImageObject","inLanguage":"fr-CA","@id":"https:\/\/littlespakles.com\/#\/schema\/logo\/image\/","url":"https:\/\/littlespakles.com\/wp-content\/uploads\/2022\/11\/little-spakles-white.png","contentUrl":"https:\/\/littlespakles.com\/wp-content\/uploads\/2022\/11\/little-spakles-white.png","width":302,"height":302,"caption":"Little Spakles"},"image":{"@id":"https:\/\/littlespakles.com\/#\/schema\/logo\/image\/"}}]}},"jetpack_sharing_enabled":true,"_links":{"self":[{"href":"https:\/\/littlespakles.com\/fr\/wp-json\/wp\/v2\/pages\/31","targetHints":{"allow":["GET"]}}],"collection":[{"href":"https:\/\/littlespakles.com\/fr\/wp-json\/wp\/v2\/pages"}],"about":[{"href":"https:\/\/littlespakles.com\/fr\/wp-json\/wp\/v2\/types\/page"}],"author":[{"embeddable":true,"href":"https:\/\/littlespakles.com\/fr\/wp-json\/wp\/v2\/users\/1"}],"replies":[{"embeddable":true,"href":"https:\/\/littlespakles.com\/fr\/wp-json\/wp\/v2\/comments?post=31"}],"version-history":[{"count":49,"href":"https:\/\/littlespakles.com\/fr\/wp-json\/wp\/v2\/pages\/31\/revisions"}],"predecessor-version":[{"id":842,"href":"https:\/\/littlespakles.com\/fr\/wp-json\/wp\/v2\/pages\/31\/revisions\/842"}],"up":[{"embeddable":true,"href":"https:\/\/littlespakles.com\/fr\/wp-json\/wp\/v2\/pages\/27"}],"wp:attachment":[{"href":"https:\/\/littlespakles.com\/fr\/wp-json\/wp\/v2\/media?parent=31"}],"wp:term":[{"taxonomy":"post_tag","embeddable":true,"href":"https:\/\/littlespakles.com\/fr\/wp-json\/wp\/v2\/tags?post=31"}],"curies":[{"name":"wp","href":"https:\/\/api.w.org\/{rel}","templated":true}]}}