{"id":5,"date":"2022-11-29T23:01:08","date_gmt":"2022-11-29T23:01:08","guid":{"rendered":"https:\/\/littlespakles.com\/?page_id=5"},"modified":"2023-04-28T03:39:50","modified_gmt":"2023-04-28T03:39:50","slug":"bio","status":"publish","type":"page","link":"https:\/\/littlespakles.com\/fr\/bio\/","title":{"rendered":"Bio"},"content":{"rendered":"<div class=\"wp-block-columns alignfull is-layout-flex wp-container-core-columns-is-layout-9d6595d7 wp-block-columns-is-layout-flex\">\n<div class=\"wp-block-column is-layout-flow wp-block-column-is-layout-flow\" style=\"flex-basis:50%\">\n<div class=\"wp-block-cover is-light\" style=\"min-height:600px;aspect-ratio:unset;\"><span aria-hidden=\"true\" class=\"wp-block-cover__background has-background-dim-100 has-background-dim has-background-gradient has-blush-light-purple-gradient-background\"><\/span><div class=\"wp-block-cover__inner-container is-layout-flow wp-block-cover-is-layout-flow\">\n<figure class=\"wp-block-image size-full\"><img loading=\"lazy\" decoding=\"async\" width=\"427\" height=\"640\" src=\"https:\/\/littlespakles.com\/wp-content\/uploads\/2022\/11\/IMG_0443.jpg\" alt=\"\" class=\"wp-image-90\" srcset=\"https:\/\/littlespakles.com\/wp-content\/uploads\/2022\/11\/IMG_0443.jpg 427w, https:\/\/littlespakles.com\/wp-content\/uploads\/2022\/11\/IMG_0443-300x450.jpg 300w, https:\/\/littlespakles.com\/wp-content\/uploads\/2022\/11\/IMG_0443-200x300.jpg 200w\" sizes=\"auto, (max-width: 427px) 100vw, 427px\" \/><\/figure>\n<\/div><\/div>\n<\/div>\n\n\n\n<div class=\"wp-block-column is-vertically-aligned-center is-layout-flow wp-block-column-is-layout-flow\">\n<div class=\"wp-block-columns is-layout-flex wp-container-core-columns-is-layout-9d6595d7 wp-block-columns-is-layout-flex\">\n<div class=\"wp-block-column is-layout-flow wp-block-column-is-layout-flow\" style=\"flex-basis:320px\">\n<p class=\"has-blush-light-purple-gradient-background has-background has-small-font-size\" style=\"font-style:italic;font-weight:600\">Bonjour, mon nom est Lily et je suis la fondatrice et artiste de Little Spakles. Ayant travaill\u00e9 pendant plus de 30 ans en tant que fleuriste, je me suis toujours dit que si je n'\u00e9tais pas fleuriste je serais d\u00e9coratrice de g\u00e2teaux. Pendant tout ce temps, la seule raison qui m'en emp\u00eachait est mon inaptitude \u00e0 cuisiner! Heureusement, mon amour pour la fausse bouffe m'a pouss\u00e9e \u00e0 d\u00e9velopper des techniques dans la r\u00e9alisation de g\u00e2teaux \u00e9ternels cr\u00e9\u00e9s dans l'intention d'\u00e9merveiller les yeux et non les papilles. Little Spakles est une combinaison de mon amour pour le vintage, le kitsch, la d\u00e9co maison, des couleurs vives et la fantaisie. Ces cr\u00e9ations sont faites pour inciter la joie, la nostalgie et tenter les dents sucr\u00e9es.<\/p>\n<\/div>\n<\/div>\n<\/div>\n<\/div>\n\n\n\n<pre class=\"wp-block-verse has-text-align-center has-dark-gray-color has-white-background-color has-text-color has-background has-x-large-font-size\" style=\"font-style:normal;font-weight:200\">C.V<\/pre>\n\n\n\n<div class=\"wp-block-columns alignwide is-layout-flex wp-container-core-columns-is-layout-9d6595d7 wp-block-columns-is-layout-flex\">\n<div class=\"wp-block-column has-text-color has-background has-link-color wp-elements-3561ba45e6846a1410d411bfd3cfa29b is-layout-flow wp-block-column-is-layout-flow\" style=\"color:#000000;background-color:#eb529475;padding-top:2em;padding-right:2em;padding-bottom:2em;padding-left:2em\">\n<div class=\"wp-block-buttons alignfull is-horizontal is-content-justification-center is-layout-flex wp-container-core-buttons-is-layout-499968f5 wp-block-buttons-is-layout-flex\">\n<div class=\"wp-block-button has-custom-width wp-block-button__width-100 has-custom-font-size is-style-fill has-small-font-size\"><a class=\"wp-block-button__link has-white-color has-text-color has-background wp-element-button\" style=\"background-color:#f032c099\">Art Floral<\/a><\/div>\n<\/div>\n\n\n\n<figure class=\"wp-block-image size-full\"><img loading=\"lazy\" decoding=\"async\" width=\"427\" height=\"640\" src=\"https:\/\/littlespakles.com\/wp-content\/uploads\/2022\/11\/MG_0050-1.jpg\" alt=\"\" class=\"wp-image-91\" srcset=\"https:\/\/littlespakles.com\/wp-content\/uploads\/2022\/11\/MG_0050-1.jpg 427w, https:\/\/littlespakles.com\/wp-content\/uploads\/2022\/11\/MG_0050-1-300x450.jpg 300w, https:\/\/littlespakles.com\/wp-content\/uploads\/2022\/11\/MG_0050-1-200x300.jpg 200w\" sizes=\"auto, (max-width: 427px) 100vw, 427px\" \/><\/figure>\n\n\n\n<hr class=\"wp-block-separator has-alpha-channel-opacity\"\/>\n\n\n\n<figure class=\"wp-block-image size-full\"><img loading=\"lazy\" decoding=\"async\" width=\"640\" height=\"640\" src=\"https:\/\/littlespakles.com\/wp-content\/uploads\/2022\/11\/IMG_0440.jpg\" alt=\"\" class=\"wp-image-92\" srcset=\"https:\/\/littlespakles.com\/wp-content\/uploads\/2022\/11\/IMG_0440.jpg 640w, https:\/\/littlespakles.com\/wp-content\/uploads\/2022\/11\/IMG_0440-300x300.jpg 300w, https:\/\/littlespakles.com\/wp-content\/uploads\/2022\/11\/IMG_0440-100x100.jpg 100w, https:\/\/littlespakles.com\/wp-content\/uploads\/2022\/11\/IMG_0440-624x624.jpg 624w, https:\/\/littlespakles.com\/wp-content\/uploads\/2022\/11\/IMG_0440-150x150.jpg 150w, https:\/\/littlespakles.com\/wp-content\/uploads\/2022\/11\/IMG_0440-180x180.jpg 180w\" sizes=\"auto, (max-width: 640px) 100vw, 640px\" \/><\/figure>\n<\/div>\n\n\n\n<div class=\"wp-block-column has-text-color has-background has-link-color wp-elements-66bc3ac8cb728903256a8ddbc06d5e46 is-layout-flow wp-block-column-is-layout-flow\" style=\"color:#000000;background-color:#f3fc93;padding-top:2em;padding-right:2em;padding-bottom:2em;padding-left:2em\">\n<div class=\"wp-block-buttons alignfull is-horizontal is-content-justification-center is-layout-flex wp-container-core-buttons-is-layout-499968f5 wp-block-buttons-is-layout-flex\">\n<div class=\"wp-block-button has-custom-width wp-block-button__width-100 has-custom-font-size is-style-fill has-small-font-size\"><a class=\"wp-block-button__link has-white-color has-text-color has-background wp-element-button\" style=\"background-color:#88b81480\">Calligraphie<\/a><\/div>\n<\/div>\n\n\n\n<figure class=\"wp-block-image size-full\"><img loading=\"lazy\" decoding=\"async\" width=\"756\" height=\"1008\" src=\"https:\/\/littlespakles.com\/wp-content\/uploads\/2022\/11\/IMG_0454.jpg\" alt=\"\" class=\"wp-image-93\" srcset=\"https:\/\/littlespakles.com\/wp-content\/uploads\/2022\/11\/IMG_0454.jpg 756w, https:\/\/littlespakles.com\/wp-content\/uploads\/2022\/11\/IMG_0454-300x400.jpg 300w, https:\/\/littlespakles.com\/wp-content\/uploads\/2022\/11\/IMG_0454-624x832.jpg 624w, https:\/\/littlespakles.com\/wp-content\/uploads\/2022\/11\/IMG_0454-225x300.jpg 225w\" sizes=\"auto, (max-width: 756px) 100vw, 756px\" \/><\/figure>\n\n\n\n<hr class=\"wp-block-separator has-alpha-channel-opacity\"\/>\n\n\n\n<figure class=\"wp-block-image size-full\"><img loading=\"lazy\" decoding=\"async\" width=\"480\" height=\"640\" src=\"https:\/\/littlespakles.com\/wp-content\/uploads\/2022\/11\/IMG_0453.jpg\" alt=\"\" class=\"wp-image-94\" srcset=\"https:\/\/littlespakles.com\/wp-content\/uploads\/2022\/11\/IMG_0453.jpg 480w, https:\/\/littlespakles.com\/wp-content\/uploads\/2022\/11\/IMG_0453-300x400.jpg 300w, https:\/\/littlespakles.com\/wp-content\/uploads\/2022\/11\/IMG_0453-225x300.jpg 225w\" sizes=\"auto, (max-width: 480px) 100vw, 480px\" \/><\/figure>\n<\/div>\n\n\n\n<div class=\"wp-block-column has-text-color has-background has-link-color wp-elements-ac61da7df03046b00f2b6b86f85cfac5 is-layout-flow wp-block-column-is-layout-flow\" style=\"color:#000000;background-color:#c0ebf1;padding-top:2em;padding-right:2em;padding-bottom:2em;padding-left:2em\">\n<div class=\"wp-block-buttons alignfull is-horizontal is-content-justification-center is-layout-flex wp-container-core-buttons-is-layout-499968f5 wp-block-buttons-is-layout-flex\">\n<div class=\"wp-block-button has-custom-width wp-block-button__width-100 has-custom-font-size has-small-font-size\"><a class=\"wp-block-button__link has-white-color has-text-color has-background wp-element-button\" style=\"background-color:#146bb88c\">Art Cure Pipe<\/a><\/div>\n<\/div>\n\n\n\n<figure class=\"wp-block-image size-large is-resized\"><img loading=\"lazy\" decoding=\"async\" src=\"https:\/\/littlespakles.com\/wp-content\/uploads\/2022\/11\/IMG_0677-1024x621.jpg\" alt=\"\" class=\"wp-image-95\" width=\"162\" height=\"98\" srcset=\"https:\/\/littlespakles.com\/wp-content\/uploads\/2022\/11\/IMG_0677-1024x621.jpg 1024w, https:\/\/littlespakles.com\/wp-content\/uploads\/2022\/11\/IMG_0677-300x182.jpg 300w, https:\/\/littlespakles.com\/wp-content\/uploads\/2022\/11\/IMG_0677-scaled-624x378.jpg 624w, https:\/\/littlespakles.com\/wp-content\/uploads\/2022\/11\/IMG_0677-768x466.jpg 768w, https:\/\/littlespakles.com\/wp-content\/uploads\/2022\/11\/IMG_0677-1536x931.jpg 1536w, https:\/\/littlespakles.com\/wp-content\/uploads\/2022\/11\/IMG_0677-2048x1242.jpg 2048w\" sizes=\"auto, (max-width: 162px) 100vw, 162px\" \/><\/figure>\n\n\n\n<hr class=\"wp-block-separator has-alpha-channel-opacity\"\/>\n\n\n\n<figure class=\"wp-block-image size-large\"><img loading=\"lazy\" decoding=\"async\" width=\"1024\" height=\"634\" src=\"https:\/\/littlespakles.com\/wp-content\/uploads\/2022\/11\/IMG_0673-1024x634.jpg\" alt=\"\" class=\"wp-image-96\" srcset=\"https:\/\/littlespakles.com\/wp-content\/uploads\/2022\/11\/IMG_0673-1024x634.jpg 1024w, https:\/\/littlespakles.com\/wp-content\/uploads\/2022\/11\/IMG_0673-300x186.jpg 300w, https:\/\/littlespakles.com\/wp-content\/uploads\/2022\/11\/IMG_0673-scaled-624x386.jpg 624w, https:\/\/littlespakles.com\/wp-content\/uploads\/2022\/11\/IMG_0673-768x476.jpg 768w, https:\/\/littlespakles.com\/wp-content\/uploads\/2022\/11\/IMG_0673-1536x951.jpg 1536w, https:\/\/littlespakles.com\/wp-content\/uploads\/2022\/11\/IMG_0673-2048x1268.jpg 2048w\" sizes=\"auto, (max-width: 1024px) 100vw, 1024px\" \/><\/figure>\n<\/div>\n<\/div>","protected":false},"excerpt":{"rendered":"<p>Hello my name is Lily and I\u2019m the creator and artist behind Little Spakles. Prior to Little Spakles I spent over 30 years in the floral industry and I always thought that if I hadn\u2019t been a florist, I\u2019d be a cake decorator. For years, the only thing stopping me was how bad I am&hellip; <a href=\"https:\/\/littlespakles.com\/fr\/bio\/\" class=\"more-link\">Continue reading <span class=\"screen-reader-text\">Bio<\/span><\/a><\/p>","protected":false},"author":1,"featured_media":0,"parent":0,"menu_order":0,"comment_status":"closed","ping_status":"closed","template":"","meta":{"footnotes":""},"tags":[],"class_list":["post-5","page","type-page","status-publish","hentry","without-featured-image"],"yoast_head":"<!-- This site is optimized with the Yoast SEO plugin v21.8 - https:\/\/yoast.com\/wordpress\/plugins\/seo\/ -->\n<title>Bio - Little Spakles<\/title>\n<meta name=\"robots\" content=\"index, follow, max-snippet:-1, max-image-preview:large, max-video-preview:-1\" \/>\n<link rel=\"canonical\" href=\"https:\/\/littlespakles.com\/fr\/bio\/\" \/>\n<meta property=\"og:locale\" content=\"fr_CA\" \/>\n<meta property=\"og:type\" content=\"article\" \/>\n<meta property=\"og:title\" content=\"Bio - Little Spakles\" \/>\n<meta property=\"og:description\" content=\"Hello my name is Lily and I\u2019m the creator and artist behind Little Spakles. Prior to Little Spakles I spent over 30 years in the floral industry and I always thought that if I hadn\u2019t been a florist, I\u2019d be a cake decorator. For years, the only thing stopping me was how bad I am&hellip; Continue reading Bio\" \/>\n<meta property=\"og:url\" content=\"https:\/\/littlespakles.com\/fr\/bio\/\" \/>\n<meta property=\"og:site_name\" content=\"Little Spakles\" \/>\n<meta property=\"article:modified_time\" content=\"2023-04-28T03:39:50+00:00\" \/>\n<meta property=\"og:image\" content=\"https:\/\/littlespakles.com\/wp-content\/uploads\/2022\/11\/IMG_0443.jpg\" \/>\n<meta name=\"twitter:card\" content=\"summary_large_image\" \/>\n<meta name=\"twitter:label1\" content=\"Estimation du temps de lecture\" \/>\n\t<meta name=\"twitter:data1\" content=\"1 minute\" \/>\n<script type=\"application\/ld+json\" class=\"yoast-schema-graph\">{\"@context\":\"https:\/\/schema.org\",\"@graph\":[{\"@type\":\"WebPage\",\"@id\":\"https:\/\/littlespakles.com\/bio\/\",\"url\":\"https:\/\/littlespakles.com\/bio\/\",\"name\":\"Bio - Little Spakles\",\"isPartOf\":{\"@id\":\"https:\/\/littlespakles.com\/#website\"},\"datePublished\":\"2022-11-29T23:01:08+00:00\",\"dateModified\":\"2023-04-28T03:39:50+00:00\",\"breadcrumb\":{\"@id\":\"https:\/\/littlespakles.com\/bio\/#breadcrumb\"},\"inLanguage\":\"fr-CA\",\"potentialAction\":[{\"@type\":\"ReadAction\",\"target\":[\"https:\/\/littlespakles.com\/bio\/\"]}]},{\"@type\":\"BreadcrumbList\",\"@id\":\"https:\/\/littlespakles.com\/bio\/#breadcrumb\",\"itemListElement\":[{\"@type\":\"ListItem\",\"position\":1,\"name\":\"Home\",\"item\":\"https:\/\/littlespakles.com\/\"},{\"@type\":\"ListItem\",\"position\":2,\"name\":\"Bio\"}]},{\"@type\":\"WebSite\",\"@id\":\"https:\/\/littlespakles.com\/#website\",\"url\":\"https:\/\/littlespakles.com\/\",\"name\":\"Little Spakles\",\"description\":\"The fake cake baker\",\"publisher\":{\"@id\":\"https:\/\/littlespakles.com\/#organization\"},\"potentialAction\":[{\"@type\":\"SearchAction\",\"target\":{\"@type\":\"EntryPoint\",\"urlTemplate\":\"https:\/\/littlespakles.com\/?s={search_term_string}\"},\"query-input\":\"required name=search_term_string\"}],\"inLanguage\":\"fr-CA\"},{\"@type\":\"Organization\",\"@id\":\"https:\/\/littlespakles.com\/#organization\",\"name\":\"Little Spakles\",\"url\":\"https:\/\/littlespakles.com\/\",\"logo\":{\"@type\":\"ImageObject\",\"inLanguage\":\"fr-CA\",\"@id\":\"https:\/\/littlespakles.com\/#\/schema\/logo\/image\/\",\"url\":\"https:\/\/littlespakles.com\/wp-content\/uploads\/2022\/11\/little-spakles-white.png\",\"contentUrl\":\"https:\/\/littlespakles.com\/wp-content\/uploads\/2022\/11\/little-spakles-white.png\",\"width\":302,\"height\":302,\"caption\":\"Little Spakles\"},\"image\":{\"@id\":\"https:\/\/littlespakles.com\/#\/schema\/logo\/image\/\"}}]}<\/script>\n<!-- \/ Yoast SEO plugin. -->","yoast_head_json":{"title":"Bio - Little Spakles","robots":{"index":"index","follow":"follow","max-snippet":"max-snippet:-1","max-image-preview":"max-image-preview:large","max-video-preview":"max-video-preview:-1"},"canonical":"https:\/\/littlespakles.com\/fr\/bio\/","og_locale":"fr_CA","og_type":"article","og_title":"Bio - Little Spakles","og_description":"Hello my name is Lily and I\u2019m the creator and artist behind Little Spakles. Prior to Little Spakles I spent over 30 years in the floral industry and I always thought that if I hadn\u2019t been a florist, I\u2019d be a cake decorator. For years, the only thing stopping me was how bad I am&hellip; Continue reading Bio","og_url":"https:\/\/littlespakles.com\/fr\/bio\/","og_site_name":"Little Spakles","article_modified_time":"2023-04-28T03:39:50+00:00","og_image":[{"url":"https:\/\/littlespakles.com\/wp-content\/uploads\/2022\/11\/IMG_0443.jpg"}],"twitter_card":"summary_large_image","twitter_misc":{"Estimation du temps de lecture":"1 minute"},"schema":{"@context":"https:\/\/schema.org","@graph":[{"@type":"WebPage","@id":"https:\/\/littlespakles.com\/bio\/","url":"https:\/\/littlespakles.com\/bio\/","name":"Bio - Little Spakles","isPartOf":{"@id":"https:\/\/littlespakles.com\/#website"},"datePublished":"2022-11-29T23:01:08+00:00","dateModified":"2023-04-28T03:39:50+00:00","breadcrumb":{"@id":"https:\/\/littlespakles.com\/bio\/#breadcrumb"},"inLanguage":"fr-CA","potentialAction":[{"@type":"ReadAction","target":["https:\/\/littlespakles.com\/bio\/"]}]},{"@type":"BreadcrumbList","@id":"https:\/\/littlespakles.com\/bio\/#breadcrumb","itemListElement":[{"@type":"ListItem","position":1,"name":"Home","item":"https:\/\/littlespakles.com\/"},{"@type":"ListItem","position":2,"name":"Bio"}]},{"@type":"WebSite","@id":"https:\/\/littlespakles.com\/#website","url":"https:\/\/littlespakles.com\/","name":"Little Spakles","description":"The fake cake baker","publisher":{"@id":"https:\/\/littlespakles.com\/#organization"},"potentialAction":[{"@type":"SearchAction","target":{"@type":"EntryPoint","urlTemplate":"https:\/\/littlespakles.com\/?s={search_term_string}"},"query-input":"required name=search_term_string"}],"inLanguage":"fr-CA"},{"@type":"Organization","@id":"https:\/\/littlespakles.com\/#organization","name":"Little Spakles","url":"https:\/\/littlespakles.com\/","logo":{"@type":"ImageObject","inLanguage":"fr-CA","@id":"https:\/\/littlespakles.com\/#\/schema\/logo\/image\/","url":"https:\/\/littlespakles.com\/wp-content\/uploads\/2022\/11\/little-spakles-white.png","contentUrl":"https:\/\/littlespakles.com\/wp-content\/uploads\/2022\/11\/little-spakles-white.png","width":302,"height":302,"caption":"Little Spakles"},"image":{"@id":"https:\/\/littlespakles.com\/#\/schema\/logo\/image\/"}}]}},"jetpack_sharing_enabled":true,"_links":{"self":[{"href":"https:\/\/littlespakles.com\/fr\/wp-json\/wp\/v2\/pages\/5","targetHints":{"allow":["GET"]}}],"collection":[{"href":"https:\/\/littlespakles.com\/fr\/wp-json\/wp\/v2\/pages"}],"about":[{"href":"https:\/\/littlespakles.com\/fr\/wp-json\/wp\/v2\/types\/page"}],"author":[{"embeddable":true,"href":"https:\/\/littlespakles.com\/fr\/wp-json\/wp\/v2\/users\/1"}],"replies":[{"embeddable":true,"href":"https:\/\/littlespakles.com\/fr\/wp-json\/wp\/v2\/comments?post=5"}],"version-history":[{"count":8,"href":"https:\/\/littlespakles.com\/fr\/wp-json\/wp\/v2\/pages\/5\/revisions"}],"predecessor-version":[{"id":796,"href":"https:\/\/littlespakles.com\/fr\/wp-json\/wp\/v2\/pages\/5\/revisions\/796"}],"wp:attachment":[{"href":"https:\/\/littlespakles.com\/fr\/wp-json\/wp\/v2\/media?parent=5"}],"wp:term":[{"taxonomy":"post_tag","embeddable":true,"href":"https:\/\/littlespakles.com\/fr\/wp-json\/wp\/v2\/tags?post=5"}],"curies":[{"name":"wp","href":"https:\/\/api.w.org\/{rel}","templated":true}]}}