{"id":361,"date":"2022-12-04T21:11:38","date_gmt":"2022-12-04T21:11:38","guid":{"rendered":"https:\/\/littlespakles.com\/?post_type=product&#038;p=361"},"modified":"2023-01-07T04:59:31","modified_gmt":"2023-01-07T04:59:31","slug":"strawberry-coaster","status":"publish","type":"product","link":"https:\/\/littlespakles.com\/fr\/produit\/strawberry-coaster\/","title":{"rendered":"Sous Verres Fraise"},"content":{"rendered":"<p>Adorables sous verres fraise fait de r\u00e9sine bio sourc\u00e9e, coul\u00e9e \u00e0 la main avec une pinc\u00e9 de paillettes et une tranche de fraise sculpt\u00e9 \u00e0 la main au centre, le tout enrob\u00e9 de gla\u00e7age \"spakle\". Parfait pour mettre son verre ou m\u00eame en tant que plateau pour bijoux ou petit change de poches. <\/p>\n<p><strong>Veuillez noter: Ceci est un produit fabriqu\u00e9 \u00e0 la main, il n'y en pas deux compl\u00e8tement identique et que certaines irr\u00e9gularit\u00e9es peuvent survenir.<\/strong><\/p>\n<style id=\"wp_carousel_dynamic_css663\">#sp-wp-carousel-free-id-663.sp-wpcp-663 .wpcp-single-item {border: 1px solid #dddddd;}#sp-wp-carousel-free-id-663.sp-wpcp-663 .swiper-button-prev,#sp-wp-carousel-free-id-663.sp-wpcp-663 .swiper-button-next,#sp-wp-carousel-free-id-663.sp-wpcp-663 .swiper-button-prev:hover,#sp-wp-carousel-free-id-663.sp-wpcp-663 .swiper-button-next:hover {background: none;border: none;font-size: 30px;}#sp-wp-carousel-free-id-663.sp-wpcp-663 .swiper-button-prev i,#sp-wp-carousel-free-id-663.sp-wpcp-663 .swiper-button-next i {color: #aaa;}#sp-wp-carousel-free-id-663.sp-wpcp-663 .swiper-button-prev i:hover,#sp-wp-carousel-free-id-663.sp-wpcp-663 .swiper-button-next i:hover {color: #ea5294;}#sp-wp-carousel-free-id-663.sp-wpcp-663 .wpcp-swiper-dots .swiper-pagination-bullet {background-color: #cccccc;}#sp-wp-carousel-free-id-663.sp-wpcp-663 .wpcp-swiper-dots .swiper-pagination-bullet.swiper-pagination-bullet-active {background-color: #ea5294;} #sp-wp-carousel-free-id-663.sp-wpcp-663.wpcp-image-carousel .wpcp-single-item:hover img, #sp-wp-carousel-free-id-663.sp-wpcp-663.wpcp-post-carousel .wpcp-single-item:hover img, #sp-wp-carousel-free-id-663.sp-wpcp-663.wpcp-product-carousel .wpcp-single-item:hover img{-webkit-transform: scale(1.2);-moz-transform: scale(1.2);transform: scale(1.2);}@media screen and (max-width: 479px) {#sp-wp-carousel-free-id-663.nav-vertical-center {padding: 0;margin:0;}#sp-wp-carousel-free-id-663.nav-vertical-center .wpcp-next-button,#sp-wp-carousel-free-id-663.nav-vertical-center .wpcp-prev-button {display: none;}}#sp-wp-carousel-free-id-663 .wpcpro-row>[class*=\"wpcpro-col-\"] { padding: 0 10px; padding-bottom: 20px;}@media (min-width: 480px) { .wpcpro-row .wpcpro-col-sm-1 { flex: 0 0 100%; max-width: 100%; } .wpcpro-row .wpcpro-col-sm-2 { flex: 0 0 50%; max-width: 50%; } .wpcpro-row .wpcpro-col-sm-2-5 { flex: 0 0 75%; max-width: 75%; } .wpcpro-row .wpcpro-col-sm-3 { flex: 0 0 33.333%; max-width: 33.333%; } .wpcpro-row .wpcpro-col-sm-4 { flex: 0 0 25%; max-width: 25%; } .wpcpro-row .wpcpro-col-sm-5 { flex: 0 0 20%; max-width: 20%; } .wpcpro-row .wpcpro-col-sm-6 { flex: 0 0 16.66666666666667%; max-width: 16.66666666666667%; } .wpcpro-row .wpcpro-col-sm-7 { flex: 0 0 14.28571428%; max-width: 14.28571428%; } .wpcpro-row .wpcpro-col-sm-8 { flex: 0 0 12.5%; max-width: 12.5%; } } @media (max-width: 480px) { .wpcpro-row .wpcpro-col-xs-1 { flex: 0 0 100%; max-width: 100%; } .wpcpro-row .wpcpro-col-xs-2 { flex: 0 0 50%; max-width: 50%; } .wpcpro-row .wpcpro-col-xs-3 { flex: 0 0 33.222%; max-width: 33.222%; } .wpcpro-row .wpcpro-col-xs-4 { flex: 0 0 25%; max-width: 25%; } .wpcpro-row .wpcpro-col-xs-5 { flex: 0 0 20%; max-width: 20%; } .wpcpro-row .wpcpro-col-xs-6 { flex: 0 0 16.6667%; max-width: 16.6667%; } .wpcpro-row .wpcpro-col-xs-7 { flex: 0 0 14.28571428%; max-width: 14.28571428%; } .wpcpro-row .wpcpro-col-xs-8 { flex: 0 0 12.5%; max-width: 12.5%; } } @media (min-width: 736px) { .wpcpro-row .wpcpro-col-md-1 { flex: 0 0 100%; max-width: 100%; } .wpcpro-row .wpcpro-col-md-2 { flex: 0 0 50%; max-width: 50%; } .wpcpro-row .wpcpro-col-md-2-5 { flex: 0 0 75%; max-width: 75%; } .wpcpro-row .wpcpro-col-md-3 { flex: 0 0 33.333%; max-width: 33.333%; } .wpcpro-row .wpcpro-col-md-4 { flex: 0 0 25%; max-width: 25%; } .wpcpro-row .wpcpro-col-md-5 { flex: 0 0 20%; max-width: 20%; } .wpcpro-row .wpcpro-col-md-6 { flex: 0 0 16.66666666666667%; max-width: 16.66666666666667%; } .wpcpro-row .wpcpro-col-md-7 { flex: 0 0 14.28571428%; max-width: 14.28571428%; } .wpcpro-row .wpcpro-col-md-8 { flex: 0 0 12.5%; max-width: 12.5%; } } @media (min-width: 980px) { .wpcpro-row .wpcpro-col-lg-1 { flex: 0 0 100%; max-width: 100%; } .wpcpro-row .wpcpro-col-lg-2 { flex: 0 0 50%; max-width: 50%; } .wpcpro-row .wpcpro-col-lg-3 { flex: 0 0 33.222%; max-width: 33.222%; } .wpcpro-row .wpcpro-col-lg-4 { flex: 0 0 25%; max-width: 25%; } .wpcpro-row .wpcpro-col-lg-5 { flex: 0 0 20%; max-width: 20%; } .wpcpro-row .wpcpro-col-lg-6 { flex: 0 0 16.6667%; max-width: 16.6667%; } .wpcpro-row .wpcpro-col-lg-7 { flex: 0 0 14.28571428%; max-width: 14.28571428%; } .wpcpro-row .wpcpro-col-lg-8 { flex: 0 0 12.5%; max-width: 12.5%; } } @media (min-width: 1200px) { .wpcpro-row .wpcpro-col-xl-1 { flex: 0 0 100%; max-width: 100%; } .wpcpro-row .wpcpro-col-xl-2 { flex: 0 0 50%; max-width: 50%; } .wpcpro-row .wpcpro-col-xl-3 { flex: 0 0 33.22222222%; max-width: 33.22222222%; } .wpcpro-row .wpcpro-col-xl-4 { flex: 0 0 25%; max-width: 25%; } .wpcpro-row .wpcpro-col-xl-5 { flex: 0 0 20%; max-width: 20%; } .wpcpro-row .wpcpro-col-xl-6 { flex: 0 0 16.66667%; max-width: 16.66667%; } .wpcpro-row .wpcpro-col-xl-7 { flex: 0 0 14.28571428%; max-width: 14.28571428%; } .wpcpro-row .wpcpro-col-xl-8 { flex: 0 0 12.5%; max-width: 12.5%; } }<\/style><div class=\"wpcp-carousel-wrapper wpcp-wrapper-663\">\n\t<div id=\"wpcp-preloader-663\" class=\"wpcp-carousel-preloader\"><img decoding=\"async\" src=\"https:\/\/littlespakles.com\/wp-content\/plugins\/wp-carousel-free\/public\/css\/spinner.svg\" alt=\"Preloader Image\" \/><\/div>\t<div class=\"wpcp-carousel-content-wrapper\">\n\t<div id=\"sp-wp-carousel-free-id-663\" class=\"wpcp-carousel-section sp-wpcp-663  nav-vertical-center wpcp-image-carousel wpcp-preloader wpcp-standard\" data-swiper='{ \"accessibility\":true, \"spaceBetween\":20, \"arrows\":true, \"freeMode\": true, \"autoplay\":false, \"autoplaySpeed\":3000, \"dots\":true, \"infinite\":true, \"speed\":600, \"pauseOnHover\":true,\t\t\t\"slidesToShow\":{\"lg_desktop\":1, \"desktop\": 1, \"laptop\": 1, \"tablet\": 1, \"mobile\": 1}, \"responsive\":{\"desktop\":1200, \"laptop\": 980, \"tablet\": 736, \"mobile\": 480}, \"rtl\":false, \"lazyLoad\": \"false\", \"swipe\": true, \"draggable\": true, \"swipeToSlide\":true }'   dir=\"ltr\">\n\t\t<div class=\"swiper-wrapper\">\n\t\t<div class=\"swiper-slide\">\n\t<div class=\"wpcp-single-item\">\n\t\t\t<div class=\"wpcp-slide-image\">\n\t\t<img loading=\"lazy\" decoding=\"async\" class=\"skip-lazy\" src=\"https:\/\/littlespakles.com\/wp-content\/uploads\/2022\/11\/DSC5286-scaled.jpg\" alt=\"DSC5286\" width=\"2560\" height=\"1818\">\t<\/div>\n\t\t<\/div>\n<\/div>\n\t<div class=\"swiper-slide\">\n\t<div class=\"wpcp-single-item\">\n\t\t\t<div class=\"wpcp-slide-image\">\n\t\t<img loading=\"lazy\" decoding=\"async\" class=\"skip-lazy\" src=\"https:\/\/littlespakles.com\/wp-content\/uploads\/2022\/12\/DSC5300-2-scaled.jpg\" alt=\"_DSC5300 2\" width=\"2560\" height=\"1507\">\t<\/div>\n\t\t<\/div>\n<\/div>\n\t<div class=\"swiper-slide\">\n\t<div class=\"wpcp-single-item\">\n\t\t\t<div class=\"wpcp-slide-image\">\n\t\t<img loading=\"lazy\" decoding=\"async\" class=\"skip-lazy\" src=\"https:\/\/littlespakles.com\/wp-content\/uploads\/2022\/12\/DSC5296wireless-scaled.jpg\" alt=\"_DSC5296wireless\" width=\"2560\" height=\"1852\">\t<\/div>\n\t\t<\/div>\n<\/div>\n\t<div class=\"swiper-slide\">\n\t<div class=\"wpcp-single-item\">\n\t\t\t<div class=\"wpcp-slide-image\">\n\t\t<img loading=\"lazy\" decoding=\"async\" class=\"skip-lazy\" src=\"https:\/\/littlespakles.com\/wp-content\/uploads\/2022\/11\/DSC5300-scaled-e1669851609731.jpg\" alt=\"_DSC5300\" width=\"700\" height=\"1055\">\t<\/div>\n\t\t<\/div>\n<\/div>\n\t\t\t<\/div>\n\t\t\t\t\t<div class=\"wpcp-swiper-dots swiper-pagination\"><\/div>\n\t\t\t\t<!-- If we need navigation buttons -->\n\t\t\t\t\t<div class=\"wpcp-prev-button swiper-button-prev\"><i class=\"fa fa-angle-left\"><\/i><\/div>\n\t\t\t<div class=\"wpcp-next-button swiper-button-next\"><i class=\"fa fa-angle-right\"><\/i><\/div>\n\t\t\t<\/div>\n\t<\/div>\n<\/div>","protected":false},"excerpt":{"rendered":"<p>Sous Verres fraise<\/p>","protected":false},"featured_media":144,"template":"","meta":[],"product_cat":[36],"product_tag":[39],"class_list":{"0":"post-361","1":"product","2":"type-product","3":"status-publish","4":"has-post-thumbnail","6":"product_cat-home-decor","7":"product_tag-coasters","8":"product_shipping_class-small-add-item","9":"without-featured-image","11":"first","12":"instock","13":"taxable","14":"shipping-taxable","15":"purchasable","16":"product-type-simple"},"yoast_head":"<!-- This site is optimized with the Yoast SEO plugin v21.8 - https:\/\/yoast.com\/wordpress\/plugins\/seo\/ -->\n<title>Strawberry Coasters - Little Spakles<\/title>\n<meta name=\"robots\" content=\"index, follow, max-snippet:-1, max-image-preview:large, max-video-preview:-1\" \/>\n<link rel=\"canonical\" href=\"https:\/\/littlespakles.com\/fr\/produit\/strawberry-coaster\/\" \/>\n<meta property=\"og:locale\" content=\"fr_CA\" \/>\n<meta property=\"og:type\" content=\"article\" \/>\n<meta property=\"og:title\" content=\"Strawberry Coasters - Little Spakles\" \/>\n<meta property=\"og:description\" content=\"Strawberry cream coasters\" \/>\n<meta property=\"og:url\" content=\"https:\/\/littlespakles.com\/fr\/produit\/strawberry-coaster\/\" \/>\n<meta property=\"og:site_name\" content=\"Little Spakles\" \/>\n<meta property=\"article:modified_time\" content=\"2023-01-07T04:59:31+00:00\" \/>\n<meta property=\"og:image\" content=\"https:\/\/littlespakles.com\/wp-content\/uploads\/2022\/11\/DSC5286-scaled.jpg\" \/>\n\t<meta property=\"og:image:width\" content=\"2560\" \/>\n\t<meta property=\"og:image:height\" content=\"1818\" \/>\n\t<meta property=\"og:image:type\" content=\"image\/jpeg\" \/>\n<meta name=\"twitter:card\" content=\"summary_large_image\" \/>\n<script type=\"application\/ld+json\" class=\"yoast-schema-graph\">{\"@context\":\"https:\/\/schema.org\",\"@graph\":[{\"@type\":\"WebPage\",\"@id\":\"https:\/\/littlespakles.com\/fr\/produit\/strawberry-coaster\/\",\"url\":\"https:\/\/littlespakles.com\/fr\/produit\/strawberry-coaster\/\",\"name\":\"Strawberry Coasters - Little Spakles\",\"isPartOf\":{\"@id\":\"https:\/\/littlespakles.com\/#website\"},\"datePublished\":\"2022-12-04T21:11:38+00:00\",\"dateModified\":\"2023-01-07T04:59:31+00:00\",\"breadcrumb\":{\"@id\":\"https:\/\/littlespakles.com\/fr\/produit\/strawberry-coaster\/#breadcrumb\"},\"inLanguage\":\"fr-CA\",\"potentialAction\":[{\"@type\":\"ReadAction\",\"target\":[\"https:\/\/littlespakles.com\/fr\/produit\/strawberry-coaster\/\"]}]},{\"@type\":\"BreadcrumbList\",\"@id\":\"https:\/\/littlespakles.com\/fr\/produit\/strawberry-coaster\/#breadcrumb\",\"itemListElement\":[{\"@type\":\"ListItem\",\"position\":1,\"name\":\"Home\",\"item\":\"https:\/\/littlespakles.com\/\"},{\"@type\":\"ListItem\",\"position\":2,\"name\":\"Shop\",\"item\":\"https:\/\/littlespakles.com\/shop\/\"},{\"@type\":\"ListItem\",\"position\":3,\"name\":\"Strawberry Coasters\"}]},{\"@type\":\"WebSite\",\"@id\":\"https:\/\/littlespakles.com\/#website\",\"url\":\"https:\/\/littlespakles.com\/\",\"name\":\"Little Spakles\",\"description\":\"The fake cake baker\",\"publisher\":{\"@id\":\"https:\/\/littlespakles.com\/#organization\"},\"potentialAction\":[{\"@type\":\"SearchAction\",\"target\":{\"@type\":\"EntryPoint\",\"urlTemplate\":\"https:\/\/littlespakles.com\/?s={search_term_string}\"},\"query-input\":\"required name=search_term_string\"}],\"inLanguage\":\"fr-CA\"},{\"@type\":\"Organization\",\"@id\":\"https:\/\/littlespakles.com\/#organization\",\"name\":\"Little Spakles\",\"url\":\"https:\/\/littlespakles.com\/\",\"logo\":{\"@type\":\"ImageObject\",\"inLanguage\":\"fr-CA\",\"@id\":\"https:\/\/littlespakles.com\/#\/schema\/logo\/image\/\",\"url\":\"https:\/\/littlespakles.com\/wp-content\/uploads\/2022\/11\/little-spakles-white.png\",\"contentUrl\":\"https:\/\/littlespakles.com\/wp-content\/uploads\/2022\/11\/little-spakles-white.png\",\"width\":302,\"height\":302,\"caption\":\"Little Spakles\"},\"image\":{\"@id\":\"https:\/\/littlespakles.com\/#\/schema\/logo\/image\/\"}}]}<\/script>\n<!-- \/ Yoast SEO plugin. -->","yoast_head_json":{"title":"Strawberry Coasters - Little Spakles","robots":{"index":"index","follow":"follow","max-snippet":"max-snippet:-1","max-image-preview":"max-image-preview:large","max-video-preview":"max-video-preview:-1"},"canonical":"https:\/\/littlespakles.com\/fr\/produit\/strawberry-coaster\/","og_locale":"fr_CA","og_type":"article","og_title":"Strawberry Coasters - Little Spakles","og_description":"Strawberry cream coasters","og_url":"https:\/\/littlespakles.com\/fr\/produit\/strawberry-coaster\/","og_site_name":"Little Spakles","article_modified_time":"2023-01-07T04:59:31+00:00","og_image":[{"width":2560,"height":1818,"url":"https:\/\/littlespakles.com\/wp-content\/uploads\/2022\/11\/DSC5286-scaled.jpg","type":"image\/jpeg"}],"twitter_card":"summary_large_image","schema":{"@context":"https:\/\/schema.org","@graph":[{"@type":"WebPage","@id":"https:\/\/littlespakles.com\/fr\/produit\/strawberry-coaster\/","url":"https:\/\/littlespakles.com\/fr\/produit\/strawberry-coaster\/","name":"Strawberry Coasters - Little Spakles","isPartOf":{"@id":"https:\/\/littlespakles.com\/#website"},"datePublished":"2022-12-04T21:11:38+00:00","dateModified":"2023-01-07T04:59:31+00:00","breadcrumb":{"@id":"https:\/\/littlespakles.com\/fr\/produit\/strawberry-coaster\/#breadcrumb"},"inLanguage":"fr-CA","potentialAction":[{"@type":"ReadAction","target":["https:\/\/littlespakles.com\/fr\/produit\/strawberry-coaster\/"]}]},{"@type":"BreadcrumbList","@id":"https:\/\/littlespakles.com\/fr\/produit\/strawberry-coaster\/#breadcrumb","itemListElement":[{"@type":"ListItem","position":1,"name":"Home","item":"https:\/\/littlespakles.com\/"},{"@type":"ListItem","position":2,"name":"Shop","item":"https:\/\/littlespakles.com\/shop\/"},{"@type":"ListItem","position":3,"name":"Strawberry Coasters"}]},{"@type":"WebSite","@id":"https:\/\/littlespakles.com\/#website","url":"https:\/\/littlespakles.com\/","name":"Little Spakles","description":"The fake cake baker","publisher":{"@id":"https:\/\/littlespakles.com\/#organization"},"potentialAction":[{"@type":"SearchAction","target":{"@type":"EntryPoint","urlTemplate":"https:\/\/littlespakles.com\/?s={search_term_string}"},"query-input":"required name=search_term_string"}],"inLanguage":"fr-CA"},{"@type":"Organization","@id":"https:\/\/littlespakles.com\/#organization","name":"Little Spakles","url":"https:\/\/littlespakles.com\/","logo":{"@type":"ImageObject","inLanguage":"fr-CA","@id":"https:\/\/littlespakles.com\/#\/schema\/logo\/image\/","url":"https:\/\/littlespakles.com\/wp-content\/uploads\/2022\/11\/little-spakles-white.png","contentUrl":"https:\/\/littlespakles.com\/wp-content\/uploads\/2022\/11\/little-spakles-white.png","width":302,"height":302,"caption":"Little Spakles"},"image":{"@id":"https:\/\/littlespakles.com\/#\/schema\/logo\/image\/"}}]}},"jetpack_sharing_enabled":true,"_links":{"self":[{"href":"https:\/\/littlespakles.com\/fr\/wp-json\/wp\/v2\/product\/361","targetHints":{"allow":["GET"]}}],"collection":[{"href":"https:\/\/littlespakles.com\/fr\/wp-json\/wp\/v2\/product"}],"about":[{"href":"https:\/\/littlespakles.com\/fr\/wp-json\/wp\/v2\/types\/product"}],"wp:featuredmedia":[{"embeddable":true,"href":"https:\/\/littlespakles.com\/fr\/wp-json\/wp\/v2\/media\/144"}],"wp:attachment":[{"href":"https:\/\/littlespakles.com\/fr\/wp-json\/wp\/v2\/media?parent=361"}],"wp:term":[{"taxonomy":"product_cat","embeddable":true,"href":"https:\/\/littlespakles.com\/fr\/wp-json\/wp\/v2\/product_cat?post=361"},{"taxonomy":"product_tag","embeddable":true,"href":"https:\/\/littlespakles.com\/fr\/wp-json\/wp\/v2\/product_tag?post=361"}],"curies":[{"name":"wp","href":"https:\/\/api.w.org\/{rel}","templated":true}]}}